{"id":239,"date":"2023-08-26T00:02:50","date_gmt":"2023-08-25T22:02:50","guid":{"rendered":"https:\/\/oliviafloralstudio.com\/?page_id=239"},"modified":"2023-08-27T20:37:55","modified_gmt":"2023-08-27T18:37:55","slug":"politica-de-envio","status":"publish","type":"page","link":"https:\/\/floristeriamaranatha.com\/index.php\/politica-de-envio\/","title":{"rendered":"Pol\u00edtica de Env\u00edo"},"content":{"rendered":"\n<div class=\"slider-wrapper relative\" id=\"slider-1078536923\" >\n    <div class=\"slider slider-nav-circle slider-nav-large slider-nav-light slider-style-normal\"\n        data-flickity-options='{\n            \"cellAlign\": \"center\",\n            \"imagesLoaded\": true,\n            \"lazyLoad\": 1,\n            \"freeScroll\": false,\n            \"wrapAround\": true,\n            \"autoPlay\": 6000,\n            \"pauseAutoPlayOnHover\" : true,\n            \"prevNextButtons\": true,\n            \"contain\" : true,\n            \"adaptiveHeight\" : true,\n            \"dragThreshold\" : 10,\n            \"percentPosition\": true,\n            \"pageDots\": true,\n            \"rightToLeft\": false,\n            \"draggable\": true,\n            \"selectedAttraction\": 0.1,\n            \"parallax\" : 0,\n            \"friction\": 0.6        }'\n        >\n        \n\n\n  <div class=\"banner has-hover\" id=\"banner-414981591\">\n          <div class=\"banner-inner fill\">\n        <div class=\"banner-bg fill\" >\n            <div class=\"bg fill bg-fill \"><\/div>\n                        <div class=\"overlay\"><\/div>            \n                    <\/div>\n\t\t\n        <div class=\"banner-layers container\">\n            <div class=\"fill banner-link\"><\/div>            \n\n   <div id=\"text-box-1775177851\" class=\"text-box banner-layer x50 md-x50 lg-x50 y50 md-y20 lg-y20 res-text\">\n                     <div data-animate=\"fadeInLeft\">           <div class=\"text-box-content text dark\">\n              \n              <div class=\"text-inner text-center\">\n                  \n\n\t<div id=\"text-1434036962\" class=\"text\">\n\t\t\n\n<h1>Pol\u00edtica de Env\u00edo<\/h1>\n\t\t\n<style>\n#text-1434036962 {\n  font-size: 1.6rem;\n  line-height: 1.75;\n}\n<\/style>\n\t<\/div>\n\t\n\n              <\/div>\n           <\/div>\n       <\/div>                     \n<style>\n#text-box-1775177851 {\n  width: 100%;\n}\n#text-box-1775177851 .text-box-content {\n  font-size: 100%;\n}\n@media (min-width:550px) {\n  #text-box-1775177851 {\n    width: 40%;\n  }\n}\n<\/style>\n    <\/div>\n \n\n        <\/div>\n      <\/div>\n\n            \n<style>\n#banner-414981591 {\n  padding-top: 400px;\n}\n#banner-414981591 .bg.bg-loaded {\n  background-image: url(https:\/\/floristeriamaranatha.com\/wp-content\/uploads\/2023\/08\/flores-colores-sobre-fondo-madera-rosa-1024x1024.jpg);\n}\n#banner-414981591 .overlay {\n  background-color: rgba(0, 0, 0, 0.05);\n}\n#banner-414981591 .bg {\n  background-position: 40% 77%;\n}\n<\/style>\n  <\/div>\n\n\n\n     <\/div>\n\n     <div class=\"loading-spin dark large centered\"><\/div>\n\n\t<\/div>\n\n\n<div class=\"message-box relative dark\" style=\"padding-top:20px;padding-bottom:20px;\"><div class=\"message-box-bg-image bg-fill fill\" ><\/div><div class=\"message-box-bg-overlay bg-fill fill\" style=\"background-color:rgb(255, 255, 255);\"><\/div><div class=\"container relative\"><div class=\"inner last-reset\">\n\n<div class=\"row align-middle align-center\"  id=\"row-1173731473\">\n\n\n\t<div id=\"col-812310956\" class=\"col medium-11 small-12 large-11\"  >\n\t\t\t\t<div class=\"col-inner\"  >\n\t\t\t\n\t\t\t\n\n\t<div id=\"gap-1112952002\" class=\"gap-element clearfix\" style=\"display:block; height:auto;\">\n\t\t\n<style>\n#gap-1112952002 {\n  padding-top: 20px;\n}\n<\/style>\n\t<\/div>\n\t\n\n<h2 class=\"wp-block-heading\"><span style=\"color: #282828;\">Pol\u00edtica de Env\u00edo<\/span><\/h2>\n<p><span style=\"color: #282828;\">Realizamos entregas en todo el Distrito Nacional, Santo Domingo, San Pedro de Macoris, Pedro Brand, Juan Dolio, Boca Chica, Villa Altagracia, San Crist\u00f3bal, Bani. Cada uno de estos lugares tiene un costo de env\u00edo el cual se ver\u00e1 reflejado a medida que realice el pago de su compra.<\/span><\/p>\n<p><span style=\"color: #282828;\">Los pedidos para ser entregados el mismo d\u00eda deben realizarse de lunes a viernes antes de las 14:00 Hrs. Y S\u00e1bados antes de las 12:00hrs. Los domingos y festivos trabajamos s\u00f3lo en fechas concretas como d\u00edas de madres o San Valent\u00edn. Para entregas especiales en domingos o festivos deber\u00e1 ponerse en contacto previamente con nosotros para conocer la disponibilidad de entrega en estos d\u00edas.<\/span><\/p>\n<p><span style=\"color: #282828;\">Las fotos de los arreglos que ofrecemos var\u00edan en la forma, la tarifa base o alg\u00fan tipo de flor o color de la misma que no est\u00e1n disponibles en algunas provincias, se est\u00e1n reemplazando por algunas del mismo valor o de Mejor Calidad. Siempre garantizamos flores frescas. Para un cambio mayor de cualquier tipo de flor o color se llamar\u00e1 al cliente para la aprobaci\u00f3n del cambio, sin embargo si este es m\u00ednimo no se deber\u00e1 avisar al cliente. Art\u00edculos adicionales como globos, peluches u otros pueden diferir en el modelo presentado en la p\u00e1gina.<\/span><\/p>\n<h2 class=\"wp-block-heading\"><span style=\"color: #282828;\"><strong>Cambios, Devoluciones y Cancelaciones:<\/strong><\/span><\/h2>\n<p><span style=\"color: #282828;\">Si realiza alg\u00fan cambio en su pedido, como cambio de fecha, cambio de tarjeta, direcci\u00f3n; Debes hacerlo al menos 8 horas antes del d\u00eda del parto. Si la cancelaci\u00f3n del pedido no se realiza dentro de las 8 hrs tiene una penalizaci\u00f3n del 30% del monto pagado por el mismo. Los cambios o devoluciones de los arreglos se realizan dentro de las 24 horas de haber recibido el arreglo y solo se realiza cuando se justifica para ello debe comunicarse con nosotros al 809-565-3883 o 829-565-3883, o v\u00eda WhatsApp 809-565-3883 , tambi\u00e9n a trav\u00e9s de nuestro correo electr\u00f3nico info@floristeriamaranatha.com.<\/span><\/p>\n<p><span style=\"color: #282828;\"><strong>Entregamos pedidos desde:<\/strong><\/span><br \/><span style=\"color: #282828;\">Lunes a Viernes 9:00 a 20:00 Hrs<\/span><br \/><span style=\"color: #282828;\">S\u00e1bado 9:00 a 18:00 Hrs<\/span><\/p>\n<p><span style=\"color: #282828;\">Los pedidos realizados fuera del horario de atenci\u00f3n se entregar\u00e1n el siguiente d\u00eda laborable de forma inmediata. El tiempo estimado de entrega es de 2, 3 o 4 horas dependiendo del lugar de destino.<\/span><\/p>\n<p><span style=\"color: #282828;\">Para entregas en d\u00edas especiales como el 14 de febrero o el D\u00eda de la Madre, los pedidos deben realizarse con al menos 3 d\u00edas de anticipaci\u00f3n para garantizar que su pedido sea entregado en la fecha y hora acordada.<\/span><\/p>\n<p><span style=\"color: #282828;\">La discreci\u00f3n y la confidencialidad es muy importante para nosotros, garantizamos a nuestros clientes la seguridad adicional de la informaci\u00f3n que nos proporciona, nuestro sitio es seguro y se administra de una manera que no puede ser descifrada por personas ajenas a nosotros.<\/span><\/p>\n\n\t\t<\/div>\n\t\t\t\t\t<\/div>\n\n\t\n\n<\/div>\n\n<\/div><\/div><\/div>\n<div class=\"message-box relative dark\" style=\"padding-top:15px;padding-bottom:15px;\"><div class=\"message-box-bg-image bg-fill fill\" ><\/div><div class=\"message-box-bg-overlay bg-fill fill\" style=\"background-color:rgb(78, 34, 34);\"><\/div><div class=\"container relative\"><div class=\"inner last-reset\">\n\n<div class=\"row align-middle align-center\"  id=\"row-1943741078\">\n\n\n\t<div id=\"col-782988861\" class=\"col medium-6 small-12 large-6\"  >\n\t\t\t\t<div class=\"col-inner\"  >\n\t\t\t\n\t\t\t\n\n<h1 class=\"p1 thin-font\">Suscr\u00edbase a nuestro bolet\u00edn para recibir las \u00faltimas noticias y ofertas especiales.<\/h1>\n\n\t\t<\/div>\n\t\t\t\t\t<\/div>\n\n\t\n\n\t<div id=\"col-2020682627\" class=\"col medium-6 small-12 large-6\"  >\n\t\t\t\t<div class=\"col-inner text-center\"  >\n\t\t\t\n\t\t\t\n\n\t<div id=\"text-1904431369\" class=\"text\">\n\t\t\n\n<div class=\"tnp tnp-subscription\">\n<form method=\"post\" action=\"https:\/\/floristeriamaranatha.com\/?na=s\">\n\n<input type=\"hidden\" name=\"nlang\" value=\"\"><div class=\"tnp-field tnp-field-email\"><label for=\"tnp-1\">Email<\/label>\n<input class=\"tnp-email\" type=\"email\" name=\"ne\" id=\"tnp-1\" value=\"\" required><\/div>\n<div class=\"tnp-field tnp-privacy-field\"><label><input type=\"checkbox\" name=\"ny\" required class=\"tnp-privacy\"> I accept the privacy policy<\/label><\/div><div class=\"tnp-field tnp-field-button\"><input class=\"tnp-submit\" type=\"submit\" value=\"Subscribe\" >\n<\/div>\n<\/form>\n<\/div>\n\n\t\t\n<style>\n#text-1904431369 {\n  text-align: left;\n}\n<\/style>\n\t<\/div>\n\t\n\n\t\t<\/div>\n\t\t\t\t\t<\/div>\n\n\t\n\n<\/div>\n\n<\/div><\/div><\/div>\n\n  \n    <div class=\"row large-columns-4 medium-columns-3 small-columns-2 row-small slider row-slider slider-nav-reveal slider-nav-push\"  data-flickity-options='{\"imagesLoaded\": true, \"groupCells\": \"100%\", \"dragThreshold\" : 5, \"cellAlign\": \"left\",\"wrapAround\": true,\"prevNextButtons\": true,\"percentPosition\": true,\"pageDots\": false, \"rightToLeft\": false, \"autoPlay\" : false}' >\n\n  \t<\/div>\n\n\n","protected":false},"excerpt":{"rendered":"","protected":false},"author":1,"featured_media":0,"parent":0,"menu_order":0,"comment_status":"closed","ping_status":"closed","template":"page-blank.php","meta":{"_uag_custom_page_level_css":"","footnotes":""},"aioseo_notices":[],"uagb_featured_image_src":{"full":false,"thumbnail":false,"medium":false,"medium_large":false,"large":false,"1536x1536":false,"2048x2048":false,"woocommerce_thumbnail":false,"woocommerce_single":false,"woocommerce_gallery_thumbnail":false},"uagb_author_info":{"display_name":"Floristeriamaranatha","author_link":"https:\/\/floristeriamaranatha.com\/index.php\/author\/lisbvip\/"},"uagb_comment_info":0,"uagb_excerpt":null,"_links":{"self":[{"href":"https:\/\/floristeriamaranatha.com\/index.php\/wp-json\/wp\/v2\/pages\/239"}],"collection":[{"href":"https:\/\/floristeriamaranatha.com\/index.php\/wp-json\/wp\/v2\/pages"}],"about":[{"href":"https:\/\/floristeriamaranatha.com\/index.php\/wp-json\/wp\/v2\/types\/page"}],"author":[{"embeddable":true,"href":"https:\/\/floristeriamaranatha.com\/index.php\/wp-json\/wp\/v2\/users\/1"}],"replies":[{"embeddable":true,"href":"https:\/\/floristeriamaranatha.com\/index.php\/wp-json\/wp\/v2\/comments?post=239"}],"version-history":[{"count":6,"href":"https:\/\/floristeriamaranatha.com\/index.php\/wp-json\/wp\/v2\/pages\/239\/revisions"}],"predecessor-version":[{"id":419,"href":"https:\/\/floristeriamaranatha.com\/index.php\/wp-json\/wp\/v2\/pages\/239\/revisions\/419"}],"wp:attachment":[{"href":"https:\/\/floristeriamaranatha.com\/index.php\/wp-json\/wp\/v2\/media?parent=239"}],"curies":[{"name":"wp","href":"https:\/\/api.w.org\/{rel}","templated":true}]}}