{"id":30,"date":"2023-08-25T20:19:32","date_gmt":"2023-08-25T18:19:32","guid":{"rendered":"https:\/\/oliviafloralstudio.com\/?page_id=30"},"modified":"2024-01-18T22:06:16","modified_gmt":"2024-01-18T21:06:16","slug":"contacto","status":"publish","type":"page","link":"https:\/\/floristeriamaranatha.com\/index.php\/contacto\/","title":{"rendered":"CONTACTO"},"content":{"rendered":"\n<div class=\"slider-wrapper relative\" id=\"slider-315821617\" >\n    <div class=\"slider slider-nav-circle slider-nav-large slider-nav-light slider-style-normal\"\n        data-flickity-options='{\n            \"cellAlign\": \"center\",\n            \"imagesLoaded\": true,\n            \"lazyLoad\": 1,\n            \"freeScroll\": false,\n            \"wrapAround\": true,\n            \"autoPlay\": 6000,\n            \"pauseAutoPlayOnHover\" : true,\n            \"prevNextButtons\": true,\n            \"contain\" : true,\n            \"adaptiveHeight\" : true,\n            \"dragThreshold\" : 10,\n            \"percentPosition\": true,\n            \"pageDots\": true,\n            \"rightToLeft\": false,\n            \"draggable\": true,\n            \"selectedAttraction\": 0.1,\n            \"parallax\" : 0,\n            \"friction\": 0.6        }'\n        >\n        \n\n\n  <div class=\"banner has-hover\" id=\"banner-606730446\">\n          <div class=\"banner-inner fill\">\n        <div class=\"banner-bg fill\" >\n            <div class=\"bg fill bg-fill \"><\/div>\n                        <div class=\"overlay\"><\/div>            \n                    <\/div>\n\t\t\n        <div class=\"banner-layers container\">\n            <div class=\"fill banner-link\"><\/div>            \n\n   <div id=\"text-box-435254546\" class=\"text-box banner-layer x50 md-x20 lg-x20 y25 md-y25 lg-y25 res-text\">\n                     <div data-animate=\"fadeInLeft\">           <div class=\"text-box-content text \">\n              \n              <div class=\"text-inner text-center\">\n                  \n\n\t<div id=\"text-4235284349\" class=\"text\">\n\t\t\n\n<h1>CONTACTO<\/h1>\n\t\t\n<style>\n#text-4235284349 {\n  font-size: 2rem;\n  line-height: 1.9;\n  color: rgb(255, 255, 255);\n}\n#text-4235284349 > * {\n  color: rgb(255, 255, 255);\n}\n<\/style>\n\t<\/div>\n\t\n\n              <\/div>\n           <\/div>\n       <\/div>                     \n<style>\n#text-box-435254546 {\n  width: 85%;\n}\n#text-box-435254546 .text-box-content {\n  font-size: 100%;\n}\n@media (min-width:550px) {\n  #text-box-435254546 {\n    width: 40%;\n  }\n}\n<\/style>\n    <\/div>\n \n\n        <\/div>\n      <\/div>\n\n            \n<style>\n#banner-606730446 {\n  padding-top: 400px;\n}\n#banner-606730446 .bg.bg-loaded {\n  background-image: url(https:\/\/floristeriamaranatha.com\/wp-content\/uploads\/2023\/08\/flores-colores-sobre-fondo-madera-rosa-1024x1024.jpg);\n}\n#banner-606730446 .overlay {\n  background-color: rgba(0, 0, 0, 0.03);\n}\n#banner-606730446 .bg {\n  background-position: 31% 81%;\n}\n<\/style>\n  <\/div>\n\n\n\n     <\/div>\n\n     <div class=\"loading-spin dark large centered\"><\/div>\n\n\t<\/div>\n\n\n\t<div id=\"gap-2009880961\" class=\"gap-element clearfix\" style=\"display:block; height:auto;\">\n\t\t\n<style>\n#gap-2009880961 {\n  padding-top: 50px;\n}\n<\/style>\n\t<\/div>\n\t\n\n<h1 class=\"alt-font\">\n<div class=\"row row-boxed\"  id=\"row-1988359987\">\n\n<\/p>\n<h1 class=\"alt-font\">\n\n<\/div>\n<\/h1>\n\t<div id=\"gap-494725005\" class=\"gap-element clearfix\" style=\"display:block; height:auto;\">\n\t\t\n<style>\n#gap-494725005 {\n  padding-top: 50px;\n}\n<\/style>\n\t<\/div>\n\t\n\n<div class=\"row\"  id=\"row-431519535\">\n\n\n\t<div id=\"col-1590995858\" class=\"col medium-6 small-12 large-6\"  >\n\t\t\t\t<div class=\"col-inner\"  >\n\t\t\t\n\t\t\t\n\n<div class=\"wp-block-uagb-container uagb-block-c3189d3a\">\n<div class=\"wp-block-uagb-advanced-heading uagb-block-60a9120c\">\n<h2 class=\"uagb-heading-text\">Cont\u00e1ctanos<\/h2>\n<p class=\"uagb-desc-text\">Tel.: 809-565-3883&nbsp; 829-565-3883<br \/>info@floristeriamaranatha.com<br \/>Ave. Dr. Defill\u00f3 #47 Ensanche Quisqueya. Sto. Dgo. Rep\u00fablica Dominicana.<\/p>\n<h2 class=\"wp-block-heading has-text-align-left\">Horario Laboral&nbsp;<\/h2>\n<p>Lunes a Viernes: 8:00 am&nbsp; a 6:00 pm&nbsp;<\/p>\n<p>S\u00e1bados: 8:00 am&nbsp; a 4:00 pm<\/p>\n<\/div>\n<\/div>\n<div class=\"wp-block-uagb-container uagb-block-9db8fc16\">\n<div class=\"inherit-container-width wp-block-group is-layout-constrained\">&nbsp;<\/div>\n<\/div>\n\n\t\t<\/div>\n\t\t\t\t\t<\/div>\n\n\t\n\n\t<div id=\"col-153470624\" class=\"col medium-6 small-12 large-6\"  >\n\t\t\t\t<div class=\"col-inner\"  >\n\t\t\t\n\t\t\t\n\n\n\n<iframe src=\"https:\/\/www.google.com\/maps\/embed?pb=!1m18!1m12!1m3!1d3784.4758148773403!2d-69.95187102409577!3d18.462094370956546!2m3!1f0!2f0!3f0!3m2!1i1024!2i768!4f13.1!3m3!1m2!1s0x8ea562012c50bafd%3A0x796a3dd03a282078!2sFlorister%C3%ADa%20Maranatha!5e0!3m2!1ses-419!2sdo!4v1693079372315!5m2!1ses-419!2sdo\" width=\"600\" height=\"450\" style=\"border:0;\" allowfullscreen=\"\" loading=\"lazy\" referrerpolicy=\"no-referrer-when-downgrade\"><\/iframe>\n\n\n\t\t<\/div>\n\t\t\t\t\t<\/div>\n\n\t\n\n<\/div>\n\t<div id=\"gap-482658585\" class=\"gap-element clearfix\" style=\"display:block; height:auto;\">\n\t\t\n<style>\n#gap-482658585 {\n  padding-top: 50px;\n}\n<\/style>\n\t<\/div>\n\t\n\n<div class=\"message-box relative dark\" style=\"padding-top:49px;padding-bottom:49px;\"><div class=\"message-box-bg-image bg-fill fill\" ><\/div><div class=\"message-box-bg-overlay bg-fill fill\" style=\"background-color:rgb(78, 34, 34);\"><\/div><div class=\"container relative\"><div class=\"inner last-reset\">\n\n<div class=\"row align-middle align-center\"  id=\"row-789910143\">\n\n\n\t<div id=\"col-987581323\" class=\"col medium-6 small-12 large-6\"  >\n\t\t\t\t<div class=\"col-inner\"  >\n\t\t\t\n\t\t\t\n\n<h1 class=\"p1 thin-font\">Suscr\u00edbase a nuestro bolet\u00edn para recibir las \u00faltimas noticias y ofertas especiales.<\/h1>\n\n\t\t<\/div>\n\t\t\t\t\t<\/div>\n\n\t\n\n\t<div id=\"col-1426007880\" class=\"col medium-6 small-12 large-6\"  >\n\t\t\t\t<div class=\"col-inner text-center\"  >\n\t\t\t\n\t\t\t\n\n\t<div id=\"text-1115588270\" class=\"text\">\n\t\t\n\n<div class=\"tnp tnp-subscription\">\n<form method=\"post\" action=\"https:\/\/floristeriamaranatha.com\/?na=s\">\n\n<input type=\"hidden\" name=\"nlang\" value=\"\"><div class=\"tnp-field tnp-field-email\"><label for=\"tnp-1\">Email<\/label>\n<input class=\"tnp-email\" type=\"email\" name=\"ne\" id=\"tnp-1\" value=\"\" required><\/div>\n<div class=\"tnp-field tnp-privacy-field\"><label><input type=\"checkbox\" name=\"ny\" required class=\"tnp-privacy\"> I accept the privacy policy<\/label><\/div><div class=\"tnp-field tnp-field-button\"><input class=\"tnp-submit\" type=\"submit\" value=\"Subscribe\" >\n<\/div>\n<\/form>\n<\/div>\n\n\t\t\n<style>\n#text-1115588270 {\n  line-height: 3;\n  text-align: left;\n}\n<\/style>\n\t<\/div>\n\t\n\n\t\t<\/div>\n\t\t\t\t\t<\/div>\n\n\t\n\n<\/div>\n\n<\/div><\/div><\/div>\n\n  \n    <div class=\"row large-columns-4 medium-columns-3 small-columns-2 row-small slider row-slider slider-nav-reveal slider-nav-push\"  data-flickity-options='{\"imagesLoaded\": true, \"groupCells\": \"100%\", \"dragThreshold\" : 5, \"cellAlign\": \"left\",\"wrapAround\": true,\"prevNextButtons\": true,\"percentPosition\": true,\"pageDots\": false, \"rightToLeft\": false, \"autoPlay\" : false}' >\n\n  \t<\/div>\n\n\n","protected":false},"excerpt":{"rendered":"","protected":false},"author":1,"featured_media":0,"parent":0,"menu_order":0,"comment_status":"closed","ping_status":"closed","template":"page-blank.php","meta":{"_uag_custom_page_level_css":"","footnotes":""},"aioseo_notices":[],"uagb_featured_image_src":{"full":false,"thumbnail":false,"medium":false,"medium_large":false,"large":false,"1536x1536":false,"2048x2048":false,"woocommerce_thumbnail":false,"woocommerce_single":false,"woocommerce_gallery_thumbnail":false},"uagb_author_info":{"display_name":"Floristeriamaranatha","author_link":"https:\/\/floristeriamaranatha.com\/index.php\/author\/lisbvip\/"},"uagb_comment_info":0,"uagb_excerpt":null,"_links":{"self":[{"href":"https:\/\/floristeriamaranatha.com\/index.php\/wp-json\/wp\/v2\/pages\/30"}],"collection":[{"href":"https:\/\/floristeriamaranatha.com\/index.php\/wp-json\/wp\/v2\/pages"}],"about":[{"href":"https:\/\/floristeriamaranatha.com\/index.php\/wp-json\/wp\/v2\/types\/page"}],"author":[{"embeddable":true,"href":"https:\/\/floristeriamaranatha.com\/index.php\/wp-json\/wp\/v2\/users\/1"}],"replies":[{"embeddable":true,"href":"https:\/\/floristeriamaranatha.com\/index.php\/wp-json\/wp\/v2\/comments?post=30"}],"version-history":[{"count":64,"href":"https:\/\/floristeriamaranatha.com\/index.php\/wp-json\/wp\/v2\/pages\/30\/revisions"}],"predecessor-version":[{"id":528,"href":"https:\/\/floristeriamaranatha.com\/index.php\/wp-json\/wp\/v2\/pages\/30\/revisions\/528"}],"wp:attachment":[{"href":"https:\/\/floristeriamaranatha.com\/index.php\/wp-json\/wp\/v2\/media?parent=30"}],"curies":[{"name":"wp","href":"https:\/\/api.w.org\/{rel}","templated":true}]}}