{"id":31,"date":"2023-08-25T20:19:32","date_gmt":"2023-08-25T18:19:32","guid":{"rendered":"https:\/\/oliviafloralstudio.com\/?page_id=31"},"modified":"2023-08-27T21:12:24","modified_gmt":"2023-08-27T19:12:24","slug":"nosotros","status":"publish","type":"page","link":"https:\/\/floristeriamaranatha.com\/index.php\/nosotros\/","title":{"rendered":"NOSOTROS"},"content":{"rendered":"\n<div class=\"slider-wrapper relative\" id=\"slider-1434353382\" >\n    <div class=\"slider slider-nav-circle slider-nav-large slider-nav-light slider-style-normal\"\n        data-flickity-options='{\n            \"cellAlign\": \"center\",\n            \"imagesLoaded\": true,\n            \"lazyLoad\": 1,\n            \"freeScroll\": false,\n            \"wrapAround\": true,\n            \"autoPlay\": 6000,\n            \"pauseAutoPlayOnHover\" : true,\n            \"prevNextButtons\": true,\n            \"contain\" : true,\n            \"adaptiveHeight\" : true,\n            \"dragThreshold\" : 10,\n            \"percentPosition\": true,\n            \"pageDots\": true,\n            \"rightToLeft\": false,\n            \"draggable\": true,\n            \"selectedAttraction\": 0.1,\n            \"parallax\" : 0,\n            \"friction\": 0.6        }'\n        >\n        \n\n  <div class=\"banner has-hover\" id=\"banner-602414155\">\n          <div class=\"banner-inner fill\">\n        <div class=\"banner-bg fill\" >\n            <div class=\"bg fill bg-fill \"><\/div>\n                        <div class=\"overlay\"><\/div>            \n                    <\/div>\n\t\t\n        <div class=\"banner-layers container\">\n            <div class=\"fill banner-link\"><\/div>            \n   <div id=\"text-box-131236787\" class=\"text-box banner-layer x50 md-x50 lg-x50 y25 md-y25 lg-y25 res-text\">\n                     <div data-animate=\"flipInY\">           <div class=\"text-box-content text dark\">\n              \n              <div class=\"text-inner text-center\">\n                  \n\t<div id=\"text-1983792137\" class=\"text\">\n\t\t\n<h1>NOSOTROS<\/h1>\n\t\t\n<style>\n#text-1983792137 {\n  font-size: 2rem;\n}\n<\/style>\n\t<\/div>\n\t\n              <\/div>\n           <\/div>\n       <\/div>                     \n<style>\n#text-box-131236787 {\n  width: 100%;\n}\n#text-box-131236787 .text-box-content {\n  font-size: 100%;\n}\n@media (min-width:550px) {\n  #text-box-131236787 {\n    width: 70%;\n  }\n}\n<\/style>\n    <\/div>\n \n        <\/div>\n      <\/div>\n\n            \n<style>\n#banner-602414155 {\n  padding-top: 400px;\n}\n#banner-602414155 .bg.bg-loaded {\n  background-image: url(https:\/\/floristeriamaranatha.com\/wp-content\/uploads\/2023\/08\/flores-colores-sobre-fondo-madera-rosa-1024x1024.jpg);\n}\n#banner-602414155 .overlay {\n  background-color: rgba(0, 0, 0, 0.02);\n}\n#banner-602414155 .bg {\n  background-position: 44% 81%;\n}\n<\/style>\n  <\/div>\n\n\n     <\/div>\n\n     <div class=\"loading-spin dark large centered\"><\/div>\n\n\t<\/div>\n\n\n\t<div id=\"gap-84985131\" class=\"gap-element clearfix\" style=\"display:block; height:auto;\">\n\t\t\n<style>\n#gap-84985131 {\n  padding-top: 60px;\n}\n<\/style>\n\t<\/div>\n\t\n<div class=\"row\"  id=\"row-1998704857\">\n\n\t<div id=\"col-1186802586\" class=\"col medium-6 small-12 large-6\"  >\n\t\t\t\t<div class=\"col-inner\"  >\n\t\t\t\n\t\t\t\n<div class=\"wp-block-uagb-info-box uagb-block-3cea2d7e uagb-infobox__content-wrap  uagb-infobox-icon-above-title uagb-infobox-image-valign-top\">\n<div class=\"uagb-ifb-content\">\n<div class=\"uagb-ifb-title-wrap\"><span class=\"uagb-ifb-title-prefix\">\u00a1TU FLORISTER\u00cdA EN L\u00cdNEA!<\/span><\/p>\n<h3 class=\"uagb-ifb-title\">Florister\u00eda Maranatha<\/h3>\n<\/div>\n<p class=\"uagb-ifb-desc\">Enviar Flores nunca fue tan f\u00e1cil, a trav\u00e9s de nuestro sitio web puedes realizar tus pedidos sin salir de casa.<\/p>\n<p>Enviamos flores a diferentes provincias de Rep\u00fablica Dominicana: Distrito Nacional, Santo Domingo, Bani, San Crist\u00f3bal, San Pedro de Macor\u00eds, Villa Altagracia, Pedro Brand, Juan Dolio, Boca Chica, entre otras. Garantizamos siempre la mejor calidad en cada env\u00edo, utilizamos flores frescas siempre brindamos un excelente servicio.<\/p>\n<p>Florister\u00eda Maranatha realiza todo tipo de arreglos florales para toda ocasi\u00f3n, arreglos con globos, regalos y m\u00e1s. Enviamos pedidos el mismo d\u00eda. Somos tu mejor opci\u00f3n para ese momento especial, estamos contigo en cada etapa de la vida, en los momentos de alegr\u00eda, tristeza, amor y recuperaci\u00f3n.<\/p>\n<p>A trav\u00e9s de nuestros servicios satisfacemos los deseos m\u00e1s exigentes para regalar en todas las ocasiones especiales. Tenemos m\u00e1s de 20 a\u00f1os en el mercado ofreciendo un buen servicio siempre!!<\/p>\n<\/div>\n<\/div>\n<div class=\"wp-block-uagb-advanced-heading uagb-block-ab43390a\">\n<h4 class=\"uagb-heading-text\">Nuestros Servicios<\/h4>\n<\/div>\n<div class=\"wp-block-uagb-container uagb-block-e434d517\">\n<div class=\"wp-block-uagb-icon-list uagb-block-43454e69\">\n<div class=\"uagb-icon-list__wrap\">\n<ul>\n<li class=\"wp-block-uagb-icon-list-child uagb-block-f156db13\"><span class=\"uagb-icon-list__label\">Arreglos Florales<\/span><\/li>\n<li class=\"wp-block-uagb-icon-list-child uagb-block-19b337e3\"><span class=\"uagb-icon-list__label\">Arreglos en globos<\/span><\/li>\n<li class=\"wp-block-uagb-icon-list-child uagb-block-cfbe275f\"><span class=\"uagb-icon-list__label\">Decoraci\u00f3n florales<\/span><\/li>\n<li class=\"wp-block-uagb-icon-list-child uagb-block-cfbe275f\">Decoraci\u00f3n en globos<\/li>\n<li class=\"wp-block-uagb-icon-list-child uagb-block-cfbe275f\">Dise\u00f1o de eventos<\/li>\n<li class=\"wp-block-uagb-icon-list-child uagb-block-cfbe275f\">Regalos personalizados y m\u00e1s<\/li>\n<\/ul>\n<\/div>\n<\/div>\n<\/div>\n\t\t<\/div>\n\t\t\t\t\t<\/div>\n\n\t\n\n\t<div id=\"col-98218299\" class=\"col medium-6 small-12 large-6\"  >\n\t\t\t\t<div class=\"col-inner\"  >\n\t\t\t\n\t\t\t\n\t<div class=\"img has-hover x md-x lg-x y md-y lg-y\" id=\"image_482054458\">\n\t\t\t\t\t\t\t\t<div class=\"img-inner dark\" >\n\t\t\t<img width=\"818\" height=\"1024\" src=\"https:\/\/floristeriamaranatha.com\/wp-content\/uploads\/2023\/08\/floristeria-ramo-flores-cerca-818x1024.jpg\" class=\"attachment-large size-large\" alt=\"\" decoding=\"async\" loading=\"lazy\" srcset=\"https:\/\/floristeriamaranatha.com\/wp-content\/uploads\/2023\/08\/floristeria-ramo-flores-cerca-818x1024.jpg 818w, https:\/\/floristeriamaranatha.com\/wp-content\/uploads\/2023\/08\/floristeria-ramo-flores-cerca-240x300.jpg 240w, https:\/\/floristeriamaranatha.com\/wp-content\/uploads\/2023\/08\/floristeria-ramo-flores-cerca-768x961.jpg 768w, https:\/\/floristeriamaranatha.com\/wp-content\/uploads\/2023\/08\/floristeria-ramo-flores-cerca-1227x1536.jpg 1227w, https:\/\/floristeriamaranatha.com\/wp-content\/uploads\/2023\/08\/floristeria-ramo-flores-cerca-1636x2048.jpg 1636w, https:\/\/floristeriamaranatha.com\/wp-content\/uploads\/2023\/08\/floristeria-ramo-flores-cerca-600x751.jpg 600w, https:\/\/floristeriamaranatha.com\/wp-content\/uploads\/2023\/08\/floristeria-ramo-flores-cerca-scaled.jpg 2045w\" sizes=\"(max-width: 818px) 100vw, 818px\" \/>\t\t\t\t\t\t\n\t\t\t\t\t<\/div>\n\t\t\t\t\t\t\t\t\n<style>\n#image_482054458 {\n  width: 100%;\n}\n<\/style>\n\t<\/div>\n\t\n\t\t<\/div>\n\t\t\t\t\t<\/div>\n\n\t\n<\/div>\n\n  \n    <div class=\"row large-columns-4 medium-columns-3 small-columns-2 row-small slider row-slider slider-nav-reveal slider-nav-push\"  data-flickity-options='{\"imagesLoaded\": true, \"groupCells\": \"100%\", \"dragThreshold\" : 5, \"cellAlign\": \"left\",\"wrapAround\": true,\"prevNextButtons\": true,\"percentPosition\": true,\"pageDots\": false, \"rightToLeft\": false, \"autoPlay\" : false}' >\n\n  \t<\/div>\n\t<div id=\"gap-780771119\" class=\"gap-element clearfix\" style=\"display:block; height:auto;\">\n\t\t\n<style>\n#gap-780771119 {\n  padding-top: 40px;\n}\n<\/style>\n\t<\/div>\n\t\n<div class=\"row row-divided\"  id=\"row-1774007895\">\n\n\t<div id=\"col-583294806\" class=\"col medium-4 large-4\"  >\n\t\t\t\t<div class=\"col-inner\"  >\n\t\t\t\n\t\t\t\n\n\t\t<div class=\"icon-box featured-box icon-box-center text-center\"  style=\"margin:0px 0px 0px 0px;\">\n\t\t\t\t\t<div class=\"icon-box-img has-icon-bg\" style=\"width: 46px\">\n\t\t\t\t<div class=\"icon\">\n\t\t\t\t\t<div class=\"icon-inner\" style=\"border-width:2px;color:rgb(182, 182, 182);\">\n\t\t\t\t\t\t\t\t\t\t\t<\/div>\n\t\t\t\t<\/div>\n\t\t\t<\/div>\n\t\t\t\t<div class=\"icon-box-text last-reset\">\n\t\t\t<h5 class=\"uppercase\">Ofertas Semanales<\/h5>\t\t\t\t\t\t\n<p>Aprovecha las ofertas que tenemos para ti cada semana en nuestra Web.<\/p>\n\t\t<\/div>\n\t<\/div>\n\t\n\t\n\t\t<\/div>\n\t\t\t\t\t<\/div>\n\n\t\n\n\t<div id=\"col-822993640\" class=\"col medium-4 large-4\"  >\n\t\t\t\t<div class=\"col-inner\"  >\n\t\t\t\n\t\t\t\n\n\t\t<div class=\"icon-box featured-box icon-box-center text-center\"  style=\"margin:0px 0px 0px 0px;\">\n\t\t\t\t\t<div class=\"icon-box-img has-icon-bg\" style=\"width: 46px\">\n\t\t\t\t<div class=\"icon\">\n\t\t\t\t\t<div class=\"icon-inner\" style=\"border-width:2px;color:rgb(182, 182, 182);\">\n\t\t\t\t\t\t\t\t\t\t\t<\/div>\n\t\t\t\t<\/div>\n\t\t\t<\/div>\n\t\t\t\t<div class=\"icon-box-text last-reset\">\n\t\t\t<h5 class=\"uppercase\">Env\u00edo en todo Santo Domingo<\/h5>\t\t\t\t\t\t\n<p>Hacemos entregas de tus pedidos en todo Santo Domingo y diferentes provincias de la Rep\u00fablica Dominicana.<\/p>\n\t\t<\/div>\n\t<\/div>\n\t\n\t\n\t\t<\/div>\n\t\t\t\t\t<\/div>\n\n\t\n\n\t<div id=\"col-1222133026\" class=\"col medium-4 large-4\"  >\n\t\t\t\t<div class=\"col-inner\"  >\n\t\t\t\n\t\t\t\n\n\t\t<div class=\"icon-box featured-box icon-box-center text-center\"  style=\"margin:0px 0px 0px 0px;\">\n\t\t\t\t\t<div class=\"icon-box-img has-icon-bg\" style=\"width: 46px\">\n\t\t\t\t<div class=\"icon\">\n\t\t\t\t\t<div class=\"icon-inner\" style=\"border-width:2px;color:rgb(182, 182, 182);\">\n\t\t\t\t\t\t\t\t\t\t\t<\/div>\n\t\t\t\t<\/div>\n\t\t\t<\/div>\n\t\t\t\t<div class=\"icon-box-text last-reset\">\n\t\t\t<h5 class=\"uppercase\">Compra Garantizada<\/h5>\t\t\t\t\t\t\n<p>Aceptamos pagos a trav\u00e9s de Paypal, Tarjetas de d\u00e9bito y Cr\u00e9dito y pagos con Transferencias en bancos nacionales.<\/p>\n\t\t<\/div>\n\t<\/div>\n\t\n\t\n\t\t<\/div>\n\t\t\t\t\t<\/div>\n\n\t\n<\/div>\n\t<div id=\"gap-1217917315\" class=\"gap-element clearfix\" style=\"display:block; height:auto;\">\n\t\t\n<style>\n#gap-1217917315 {\n  padding-top: 40px;\n}\n<\/style>\n\t<\/div>\n\t\n\n  <div class=\"banner has-hover\" id=\"banner-700690922\">\n          <div class=\"banner-inner fill\">\n        <div class=\"banner-bg fill\" >\n            <div class=\"bg fill bg-fill \"><\/div>\n                                    \n                    <\/div>\n\t\t\n        <div class=\"banner-layers container\">\n            <div class=\"fill banner-link\"><\/div>            \n   <div id=\"text-box-1622933277\" class=\"text-box banner-layer x100 md-x100 lg-x100 y20 md-y20 lg-y20 res-text\">\n                                <div class=\"text-box-content text dark\">\n              \n              <div class=\"text-inner text-center\">\n                  \n\t<div id=\"text-2773835700\" class=\"text\">\n\t\t\n<div class=\"uagb-ifb-title-wrap\"><span class=\"uagb-ifb-title-prefix\">LOS DETALLES IMPORTAN!<\/span>\n<h2 class=\"uagb-ifb-title\"><strong><span style=\"color: #993300;\">Regala flores, Regala amor<\/span><\/strong><\/h2>\n<\/div>\n<p class=\"uagb-ifb-desc\">Dise\u00f1amos cada arreglo floral con mucho amor para ese ser especial.<\/p>\n\t\t\n<style>\n#text-2773835700 {\n  color: rgb(101, 61, 61);\n}\n#text-2773835700 > * {\n  color: rgb(101, 61, 61);\n}\n<\/style>\n\t<\/div>\n\t\n              <\/div>\n           <\/div>\n                            \n<style>\n#text-box-1622933277 {\n  width: 60%;\n}\n#text-box-1622933277 .text-box-content {\n  font-size: 100%;\n}\n<\/style>\n    <\/div>\n \n        <\/div>\n      <\/div>\n\n            \n<style>\n#banner-700690922 {\n  padding-top: 400px;\n}\n#banner-700690922 .bg.bg-loaded {\n  background-image: url(https:\/\/floristeriamaranatha.com\/wp-content\/uploads\/2023\/08\/linea-hermosas-rosas-1024x683.jpg);\n}\n#banner-700690922 .bg {\n  background-position: 12% 55%;\n}\n<\/style>\n  <\/div>\n\n\n\t<div id=\"gap-1480679681\" class=\"gap-element clearfix\" style=\"display:block; height:auto;\">\n\t\t\n<style>\n#gap-1480679681 {\n  padding-top: 50px;\n}\n<\/style>\n\t<\/div>\n\t\n","protected":false},"excerpt":{"rendered":"","protected":false},"author":1,"featured_media":0,"parent":0,"menu_order":0,"comment_status":"closed","ping_status":"closed","template":"page-blank.php","meta":{"_uag_custom_page_level_css":"","footnotes":""},"aioseo_notices":[],"uagb_featured_image_src":{"full":false,"thumbnail":false,"medium":false,"medium_large":false,"large":false,"1536x1536":false,"2048x2048":false,"woocommerce_thumbnail":false,"woocommerce_single":false,"woocommerce_gallery_thumbnail":false},"uagb_author_info":{"display_name":"Floristeriamaranatha","author_link":"https:\/\/floristeriamaranatha.com\/index.php\/author\/lisbvip\/"},"uagb_comment_info":0,"uagb_excerpt":null,"_links":{"self":[{"href":"https:\/\/floristeriamaranatha.com\/index.php\/wp-json\/wp\/v2\/pages\/31"}],"collection":[{"href":"https:\/\/floristeriamaranatha.com\/index.php\/wp-json\/wp\/v2\/pages"}],"about":[{"href":"https:\/\/floristeriamaranatha.com\/index.php\/wp-json\/wp\/v2\/types\/page"}],"author":[{"embeddable":true,"href":"https:\/\/floristeriamaranatha.com\/index.php\/wp-json\/wp\/v2\/users\/1"}],"replies":[{"embeddable":true,"href":"https:\/\/floristeriamaranatha.com\/index.php\/wp-json\/wp\/v2\/comments?post=31"}],"version-history":[{"count":19,"href":"https:\/\/floristeriamaranatha.com\/index.php\/wp-json\/wp\/v2\/pages\/31\/revisions"}],"predecessor-version":[{"id":358,"href":"https:\/\/floristeriamaranatha.com\/index.php\/wp-json\/wp\/v2\/pages\/31\/revisions\/358"}],"wp:attachment":[{"href":"https:\/\/floristeriamaranatha.com\/index.php\/wp-json\/wp\/v2\/media?parent=31"}],"curies":[{"name":"wp","href":"https:\/\/api.w.org\/{rel}","templated":true}]}}