{"id":110,"date":"2023-08-25T20:46:58","date_gmt":"2023-08-25T18:46:58","guid":{"rendered":"https:\/\/oliviafloralstudio.com\/?post_type=product&#038;p=110"},"modified":"2023-08-29T21:32:19","modified_gmt":"2023-08-29T19:32:19","slug":"jardin-ilusion","status":"publish","type":"product","link":"https:\/\/floristeriamaranatha.com\/index.php\/producto\/jardin-ilusion\/","title":{"rendered":"Jard\u00edn Ilusi\u00f3n"},"content":{"rendered":"","protected":false},"excerpt":{"rendered":"<p>Bell\u00edsimo arreglo floral en ba\u00fal con 26 rosas, gladiolos, gerberas y otras flores, acompa\u00f1ado de un oso de peluche, globos y chocolates.<\/p>\n<p>&nbsp;<\/p>\n","protected":false},"featured_media":159,"template":"","meta":{"_uag_custom_page_level_css":""},"product_cat":[18,19,20,21,23,24],"product_tag":[],"aioseo_notices":[],"uagb_featured_image_src":{"full":["https:\/\/floristeriamaranatha.com\/wp-content\/uploads\/2023\/08\/IMG_6728.jpg",2160,2160,false],"thumbnail":["https:\/\/floristeriamaranatha.com\/wp-content\/uploads\/2023\/08\/IMG_6728-150x150.jpg",150,150,true],"medium":["https:\/\/floristeriamaranatha.com\/wp-content\/uploads\/2023\/08\/IMG_6728-300x300.jpg",300,300,true],"medium_large":["https:\/\/floristeriamaranatha.com\/wp-content\/uploads\/2023\/08\/IMG_6728-768x768.jpg",768,768,true],"large":["https:\/\/floristeriamaranatha.com\/wp-content\/uploads\/2023\/08\/IMG_6728-1024x1024.jpg",1020,1020,true],"1536x1536":["https:\/\/floristeriamaranatha.com\/wp-content\/uploads\/2023\/08\/IMG_6728-1536x1536.jpg",1536,1536,true],"2048x2048":["https:\/\/floristeriamaranatha.com\/wp-content\/uploads\/2023\/08\/IMG_6728-2048x2048.jpg",2048,2048,true],"woocommerce_thumbnail":["https:\/\/floristeriamaranatha.com\/wp-content\/uploads\/2023\/08\/IMG_6728-300x300.jpg",300,300,true],"woocommerce_single":["https:\/\/floristeriamaranatha.com\/wp-content\/uploads\/2023\/08\/IMG_6728-600x600.jpg",600,600,true],"woocommerce_gallery_thumbnail":["https:\/\/floristeriamaranatha.com\/wp-content\/uploads\/2023\/08\/IMG_6728-100x100.jpg",100,100,true]},"uagb_author_info":{"display_name":"Floristeriamaranatha","author_link":"https:\/\/floristeriamaranatha.com\/index.php\/author\/"},"uagb_comment_info":0,"uagb_excerpt":"Bell\u00edsimo arreglo floral en ba\u00fal con 26 rosas, gladiolos, gerberas y otras flores, acompa\u00f1ado de un oso de peluche, globos y chocolates. &nbsp;","_links":{"self":[{"href":"https:\/\/floristeriamaranatha.com\/index.php\/wp-json\/wp\/v2\/product\/110"}],"collection":[{"href":"https:\/\/floristeriamaranatha.com\/index.php\/wp-json\/wp\/v2\/product"}],"about":[{"href":"https:\/\/floristeriamaranatha.com\/index.php\/wp-json\/wp\/v2\/types\/product"}],"wp:featuredmedia":[{"embeddable":true,"href":"https:\/\/floristeriamaranatha.com\/index.php\/wp-json\/wp\/v2\/media\/159"}],"wp:attachment":[{"href":"https:\/\/floristeriamaranatha.com\/index.php\/wp-json\/wp\/v2\/media?parent=110"}],"wp:term":[{"taxonomy":"product_cat","embeddable":true,"href":"https:\/\/floristeriamaranatha.com\/index.php\/wp-json\/wp\/v2\/product_cat?post=110"},{"taxonomy":"product_tag","embeddable":true,"href":"https:\/\/floristeriamaranatha.com\/index.php\/wp-json\/wp\/v2\/product_tag?post=110"}],"curies":[{"name":"wp","href":"https:\/\/api.w.org\/{rel}","templated":true}]}}